{"id":25,"date":"2021-05-05T08:36:02","date_gmt":"2021-05-05T08:36:02","guid":{"rendered":"https:\/\/new-ricotacosaigon.jaysoft.asia\/?page_id=25"},"modified":"2024-03-13T10:31:33","modified_gmt":"2024-03-13T03:31:33","slug":"about-mexican-cuisine","status":"publish","type":"page","link":"https:\/\/ricotacosaigon.com\/vi\/about-mexican-cuisine\/","title":{"rendered":"About"},"content":{"rendered":"<div data-elementor-type=\"wp-page\" data-elementor-id=\"25\" class=\"elementor elementor-25\">\n\t\t\t\t\t\t<section class=\"elementor-section elementor-top-section elementor-element elementor-element-617a594 elementor-section-height-min-height elementor-section-boxed elementor-section-height-default elementor-section-items-middle\" data-id=\"617a594\" data-element_type=\"section\" data-settings=\"{&quot;background_background&quot;:&quot;classic&quot;}\">\n\t\t\t\t\t\t<div class=\"elementor-container elementor-column-gap-default\">\n\t\t\t\t\t<div class=\"elementor-column elementor-col-100 elementor-top-column elementor-element elementor-element-f79c916\" data-id=\"f79c916\" data-element_type=\"column\">\n\t\t\t<div class=\"elementor-widget-wrap\">\n\t\t\t\t\t\t\t<\/div>\n\t\t<\/div>\n\t\t\t\t\t<\/div>\n\t\t<\/section>\n\t\t\t\t<section class=\"elementor-section elementor-top-section elementor-element elementor-element-e42b84c elementor-section-height-min-height elementor-section-boxed elementor-section-height-default elementor-section-items-middle\" data-id=\"e42b84c\" data-element_type=\"section\" data-settings=\"{&quot;background_background&quot;:&quot;classic&quot;}\">\n\t\t\t\t\t\t<div class=\"elementor-container elementor-column-gap-default\">\n\t\t\t\t\t<div class=\"elementor-column elementor-col-50 elementor-top-column elementor-element elementor-element-1f22cd9\" data-id=\"1f22cd9\" data-element_type=\"column\">\n\t\t\t<div class=\"elementor-widget-wrap elementor-element-populated\">\n\t\t\t\t\t\t<div class=\"elementor-element elementor-element-25cd47b elementor-invisible elementor-widget elementor-widget-heading\" data-id=\"25cd47b\" data-element_type=\"widget\" data-settings=\"{&quot;_animation&quot;:&quot;fadeIn&quot;}\" data-widget_type=\"heading.default\">\n\t\t\t\t<div class=\"elementor-widget-container\">\n\t\t\t\t\t<h2 class=\"elementor-heading-title elementor-size-default\">Concept<\/h2>\t\t\t\t<\/div>\n\t\t\t\t<\/div>\n\t\t\t\t<div class=\"elementor-element elementor-element-9150935 elementor-invisible elementor-widget elementor-widget-text-editor\" data-id=\"9150935\" data-element_type=\"widget\" data-settings=\"{&quot;_animation&quot;:&quot;fadeIn&quot;}\" data-widget_type=\"text-editor.default\">\n\t\t\t\t<div class=\"elementor-widget-container\">\n\t\t\t\t\t\t\t\t\t<p>T\u1ecda l\u1ea1c ngay trung t\u00e2m qu\u1eadn 1, trong con h\u1ebbm 74\/7 Hai B\u00e0 Tr\u01b0ng, <a href=\"https:\/\/ricotacosaigon.com\/vi\/\"><span style=\"color: #ffffff;\">Rico Taco<\/span><\/a> \u0111em \u0111\u1ebfn m\u1ed9t khung c\u1ea3nh \u0111\u1ea7y m\u00e0u s\u1eafc v\u00e0 m\u00e1t m\u1ebb. Trong khi nhi\u1ec1u nh\u00e0 h\u00e0ng kh\u00e1c k\u1ebft h\u1ee3p gi\u1eefa \u1ea9m th\u1ef1c Mexico v\u00e0 Tex-Mex, ch\u00fang t\u00f4i v\u1eabn t\u1eadp trung ch\u1ee7 y\u1ebfu v\u00e0o c\u00e1c m\u00f3n \u0103n c\u1ee7a Mexico v\u1edbi m\u1ee9c gi\u00e1 ph\u1ea3i ch\u0103ng.\u00a0<\/p>\t\t\t\t\t\t\t\t<\/div>\n\t\t\t\t<\/div>\n\t\t\t\t<div class=\"elementor-element elementor-element-0fb3743 elementor-hidden-desktop elementor-hidden-tablet elementor-hidden-phone elementor-invisible elementor-widget elementor-widget-text-editor\" data-id=\"0fb3743\" data-element_type=\"widget\" data-settings=\"{&quot;_animation&quot;:&quot;fadeIn&quot;}\" data-widget_type=\"text-editor.default\">\n\t\t\t\t<div class=\"elementor-widget-container\">\n\t\t\t\t\t\t\t\t\t<p><span data-sheets-value=\"{&quot;1&quot;:2,&quot;2&quot;:&quot;T\u1ecda l\u1ea1c ngay trung t\u00e2m qu\u1eadn 1, trong con h\u1ebbm 74\/7 Hai B\u00e0 Tr\u01b0ng, Rico Taco t\u1ef1 h\u00e0o ph\u1ee5c v\u1ee5 c\u00e1c m\u00f3n \u0103n Mexico ch\u00ednh th\u1ed1ng v\u1edbi m\u1ee9c gi\u00e1 ph\u1ea3i ch\u0103ng.\\n\u1ea8m th\u1ef1c c\u1ee7a ch\u00fang t\u00f4i \u0111em \u0111\u1ebfn l\u00e0 tr\u1ea3i nghi\u1ec7m ch\u00e2n th\u1eadt nh\u1ea5t v\u1ec1 Mexico trong m\u1ed9t khung c\u1ea3nh \u0111\u1ea7y m\u00e0u s\u1eafc v\u00e0 m\u00e1t m\u1ebb. Trong khi nhi\u1ec1u nh\u00e0 h\u00e0ng kh\u00e1c k\u1ebft h\u1ee3p gi\u1eefa \u1ea9m th\u1ef1c Mexico v\u00e0 Tex-Mex, ch\u00fang t\u00f4i v\u1eabn t\u1eadp trung ch\u1ee7 y\u1ebfu v\u00e0o c\u00e1c m\u00f3n \u0103n c\u1ee7a Mexico&quot;}\" data-sheets-userformat=\"{&quot;2&quot;:10497,&quot;3&quot;:{&quot;1&quot;:0,&quot;3&quot;:1},&quot;11&quot;:4,&quot;14&quot;:{&quot;1&quot;:3,&quot;3&quot;:1},&quot;16&quot;:12}\">T\u1ecda l\u1ea1c ngay trung t\u00e2m qu\u1eadn 1, trong con h\u1ebbm 74\/7 Hai B\u00e0 Tr\u01b0ng, Rico Taco t\u1ef1 h\u00e0o ph\u1ee5c v\u1ee5 c\u00e1c m\u00f3n \u0103n Mexico ch\u00ednh th\u1ed1ng v\u1edbi m\u1ee9c gi\u00e1 ph\u1ea3i ch\u0103ng.<br \/>\u1ea8m th\u1ef1c c\u1ee7a ch\u00fang t\u00f4i \u0111em \u0111\u1ebfn l\u00e0 tr\u1ea3i nghi\u1ec7m ch\u00e2n th\u1eadt nh\u1ea5t v\u1ec1 Mexico trong m\u1ed9t khung c\u1ea3nh \u0111\u1ea7y m\u00e0u s\u1eafc v\u00e0 m\u00e1t m\u1ebb. Trong khi nhi\u1ec1u nh\u00e0 h\u00e0ng kh\u00e1c k\u1ebft h\u1ee3p gi\u1eefa \u1ea9m th\u1ef1c Mexico v\u00e0 Tex-Mex, ch\u00fang t\u00f4i v\u1eabn t\u1eadp trung ch\u1ee7 y\u1ebfu v\u00e0o c\u00e1c m\u00f3n \u0103n c\u1ee7a Mexico<\/span><\/p>\t\t\t\t\t\t\t\t<\/div>\n\t\t\t\t<\/div>\n\t\t\t\t\t<\/div>\n\t\t<\/div>\n\t\t\t\t<div class=\"elementor-column elementor-col-50 elementor-top-column elementor-element elementor-element-79f20b9 animated-slow\" data-id=\"79f20b9\" data-element_type=\"column\" data-settings=\"{&quot;animation&quot;:&quot;none&quot;}\">\n\t\t\t<div class=\"elementor-widget-wrap elementor-element-populated\">\n\t\t\t\t\t\t<div class=\"elementor-element elementor-element-2e6c624 elementor-invisible elementor-widget elementor-widget-image\" data-id=\"2e6c624\" data-element_type=\"widget\" data-settings=\"{&quot;_animation&quot;:&quot;tada&quot;}\" data-widget_type=\"image.default\">\n\t\t\t\t<div class=\"elementor-widget-container\">\n\t\t\t\t\t\t\t\t\t\t\t\t\t\t\t\t<a href=\"https:\/\/www.tripadvisor.com\/Restaurant_Review-g293925-d2734409-Reviews-Rico_Taco-Ho_Chi_Minh_City.html\">\n\t\t\t\t\t\t\t<img fetchpriority=\"high\" decoding=\"async\" width=\"1024\" height=\"956\" src=\"https:\/\/ricotacosaigon.com\/wp-content\/uploads\/2021\/05\/RT-illustration-1-01-1.png\" class=\"attachment-full size-full wp-image-708\" alt=\"\" srcset=\"https:\/\/ricotacosaigon.com\/wp-content\/uploads\/2021\/05\/RT-illustration-1-01-1.png 1024w, https:\/\/ricotacosaigon.com\/wp-content\/uploads\/2021\/05\/RT-illustration-1-01-1-300x280.png 300w, https:\/\/ricotacosaigon.com\/wp-content\/uploads\/2021\/05\/RT-illustration-1-01-1-768x717.png 768w\" sizes=\"(max-width: 1024px) 100vw, 1024px\" \/>\t\t\t\t\t\t\t\t<\/a>\n\t\t\t\t\t\t\t\t\t\t\t\t\t\t\t<\/div>\n\t\t\t\t<\/div>\n\t\t\t\t\t<\/div>\n\t\t<\/div>\n\t\t\t\t\t<\/div>\n\t\t<\/section>\n\t\t\t\t<section class=\"elementor-section elementor-top-section elementor-element elementor-element-a1b2242 elementor-section-height-min-height elementor-section-boxed elementor-section-height-default elementor-section-items-middle\" data-id=\"a1b2242\" data-element_type=\"section\" id=\"our-chef\" data-settings=\"{&quot;background_background&quot;:&quot;classic&quot;}\">\n\t\t\t\t\t\t<div class=\"elementor-container elementor-column-gap-default\">\n\t\t\t\t\t<div class=\"elementor-column elementor-col-100 elementor-top-column elementor-element elementor-element-2efc3c8\" data-id=\"2efc3c8\" data-element_type=\"column\">\n\t\t\t<div class=\"elementor-widget-wrap\">\n\t\t\t\t\t\t\t<\/div>\n\t\t<\/div>\n\t\t\t\t\t<\/div>\n\t\t<\/section>\n\t\t\t\t<section class=\"elementor-section elementor-top-section elementor-element elementor-element-16f9887 elementor-section-height-min-height elementor-section-boxed elementor-section-height-default elementor-section-items-middle\" data-id=\"16f9887\" data-element_type=\"section\" data-settings=\"{&quot;background_background&quot;:&quot;classic&quot;}\">\n\t\t\t\t\t\t<div class=\"elementor-container elementor-column-gap-default\">\n\t\t\t\t\t<div class=\"elementor-column elementor-col-100 elementor-top-column elementor-element elementor-element-9ee79f1\" data-id=\"9ee79f1\" data-element_type=\"column\">\n\t\t\t<div class=\"elementor-widget-wrap elementor-element-populated\">\n\t\t\t\t\t\t<div class=\"elementor-element elementor-element-052d0d1 elementor-invisible elementor-widget elementor-widget-heading\" data-id=\"052d0d1\" data-element_type=\"widget\" data-settings=\"{&quot;_animation&quot;:&quot;fadeIn&quot;}\" data-widget_type=\"heading.default\">\n\t\t\t\t<div class=\"elementor-widget-container\">\n\t\t\t\t\t<h2 class=\"elementor-heading-title elementor-size-default\">B\u1ebfp tr\u01b0\u1edfng c\u1ee7a ch\u00fang t\u00f4i<\/h2>\t\t\t\t<\/div>\n\t\t\t\t<\/div>\n\t\t\t\t<div class=\"elementor-element elementor-element-d81f448 elementor-invisible elementor-widget elementor-widget-text-editor\" data-id=\"d81f448\" data-element_type=\"widget\" data-settings=\"{&quot;_animation&quot;:&quot;fadeIn&quot;}\" data-widget_type=\"text-editor.default\">\n\t\t\t\t<div class=\"elementor-widget-container\">\n\t\t\t\t\t\t\t\t\t<p>B\u1ebfp tr\u01b0\u1edfng Alejandro Torres Palacios sinh ra v\u00e0 l\u1edbn l\u00ean t\u1ea1i San Luis Potosi, Mexico.  Ngay t\u1eeb khi c\u00f2n b\u00e9, anh \u0111\u00e3 \u0111\u01b0\u1ee3c ti\u1ebfp x\u00fac v\u1edbi nh\u1eefng h\u01b0\u01a1ng v\u1ecb \u0111\u1ecba ph\u01b0\u01a1ng v\u00e0 c\u00e1c m\u00f3n ngon t\u1eeb ch\u1ee3 v\u00e0 trong b\u1eefa c\u01a1m gia \u0111\u00ecnh - \u0111i\u1ec1u \u0111\u00f3 v\u1eabn truy\u1ec1n c\u1ea3m h\u1ee9ng cho anh m\u00e3i \u0111\u1ebfn b\u00e2y gi\u1edd.<\/p><p>N\u0103m 16 tu\u1ed5i, Alejandro quy\u1ebft \u0111\u1ecbnh chuy\u1ec3n \u0111\u1ebfn Seattle \u0111\u1ec3 h\u1ecdc h\u00e0nh. Sau khi h\u1ecdc xong c\u1ea5p 3, anh \u0111\u0103ng k\u00fd v\u00e0o tr\u01b0\u1eddng ngh\u1ec7 thu\u1eadt \u1ea9m th\u1ef1c \u0111\u1ec3 theo \u0111u\u1ed5i \u01b0\u1edbc m\u01a1 tr\u1edf th\u00e0nh \u0111\u1ea7u b\u1ebfp. Sau \u0111\u00f3, anh ti\u1ebfp t\u1ee5c t\u00edch l\u0169y kinh nghi\u1ec7m l\u00e0m vi\u1ec7c t\u1ea1i nhi\u1ec1u nh\u00e0 h\u00e0ng kh\u00e1c nhau quanh khu v\u1ef1c Seattle, bao g\u1ed3m \u1ea9m th\u1ef1c M\u1ef9 Latinh \u0111\u1ebfn Ph\u00e1p v\u00e0 \u00dd. Cu\u1ed1i c\u00f9ng quy\u1ebft \u0111\u1ecbnh chuy\u1ec3n \u0111\u1ebfn Vi\u1ec7t Nam \u0111\u1ea3m nh\u1eadn vai tr\u00f2 B\u1ebfp tr\u01b0\u1edfng t\u1ea1i Rico Taco. Ch\u00ednh t\u1ea1i \u0111\u00e2y, anh \u0111\u00e3 b\u1eaft \u0111\u1ea7u mang nh\u1eefng h\u01b0\u01a1ng v\u1ecb ch\u00ednh th\u1ed1ng c\u1ee7a Mexico v\u00e0o S\u00e0i G\u00f2n.<\/p>\t\t\t\t\t\t\t\t<\/div>\n\t\t\t\t<\/div>\n\t\t\t\t\t<\/div>\n\t\t<\/div>\n\t\t\t\t\t<\/div>\n\t\t<\/section>\n\t\t\t\t<\/div>","protected":false},"excerpt":{"rendered":"<p>Concept Located in the heart of district 1 on Hai B\u00e0 Tr\u01b0ng street, Rico Taco proudly serves authentic Mexican cuisine at good price. Our cuisine is the real thing, enhanced by a colourful and cool setting. While many mix up Mexican and Tex-Mex cuisines, we remain truer to the food of Mexico.\u00a0 T\u1ecda l\u1ea1c ngay [&hellip;]<\/p>","protected":false},"author":1,"featured_media":1000,"parent":0,"menu_order":0,"comment_status":"closed","ping_status":"closed","template":"elementor_header_footer","meta":{"footnotes":""},"class_list":["post-25","page","type-page","status-publish","has-post-thumbnail","hentry"],"_links":{"self":[{"href":"https:\/\/ricotacosaigon.com\/vi\/wp-json\/wp\/v2\/pages\/25","targetHints":{"allow":["GET"]}}],"collection":[{"href":"https:\/\/ricotacosaigon.com\/vi\/wp-json\/wp\/v2\/pages"}],"about":[{"href":"https:\/\/ricotacosaigon.com\/vi\/wp-json\/wp\/v2\/types\/page"}],"author":[{"embeddable":true,"href":"https:\/\/ricotacosaigon.com\/vi\/wp-json\/wp\/v2\/users\/1"}],"replies":[{"embeddable":true,"href":"https:\/\/ricotacosaigon.com\/vi\/wp-json\/wp\/v2\/comments?post=25"}],"version-history":[{"count":144,"href":"https:\/\/ricotacosaigon.com\/vi\/wp-json\/wp\/v2\/pages\/25\/revisions"}],"predecessor-version":[{"id":3122,"href":"https:\/\/ricotacosaigon.com\/vi\/wp-json\/wp\/v2\/pages\/25\/revisions\/3122"}],"wp:featuredmedia":[{"embeddable":true,"href":"https:\/\/ricotacosaigon.com\/vi\/wp-json\/wp\/v2\/media\/1000"}],"wp:attachment":[{"href":"https:\/\/ricotacosaigon.com\/vi\/wp-json\/wp\/v2\/media?parent=25"}],"curies":[{"name":"wp","href":"https:\/\/api.w.org\/{rel}","templated":true}]}}