{"id":33,"date":"2021-05-05T08:37:48","date_gmt":"2021-05-05T08:37:48","guid":{"rendered":"https:\/\/new-ricotacosaigon.jaysoft.asia\/?page_id=33"},"modified":"2025-06-05T16:34:55","modified_gmt":"2025-06-05T09:34:55","slug":"your-event-with-us-organize-events","status":"publish","type":"page","link":"https:\/\/ricotacosaigon.com\/vi\/your-event-with-us-organize-events\/","title":{"rendered":"T\u1ed5 Ch\u1ee9c S\u1ef1 Ki\u1ec7n"},"content":{"rendered":"<div data-elementor-type=\"wp-page\" data-elementor-id=\"33\" class=\"elementor elementor-33\">\n\t\t\t\t\t\t<section class=\"elementor-section elementor-top-section elementor-element elementor-element-8410ba2 elementor-section-height-min-height elementor-section-boxed elementor-section-height-default elementor-section-items-middle\" data-id=\"8410ba2\" data-element_type=\"section\" data-settings=\"{&quot;background_background&quot;:&quot;classic&quot;}\">\n\t\t\t\t\t\t<div class=\"elementor-container elementor-column-gap-default\">\n\t\t\t\t\t<div class=\"elementor-column elementor-col-100 elementor-top-column elementor-element elementor-element-3ec8f12\" data-id=\"3ec8f12\" data-element_type=\"column\">\n\t\t\t<div class=\"elementor-widget-wrap\">\n\t\t\t\t\t\t\t<\/div>\n\t\t<\/div>\n\t\t\t\t\t<\/div>\n\t\t<\/section>\n\t\t\t\t<section class=\"elementor-section elementor-top-section elementor-element elementor-element-30f1d1d elementor-section-height-min-height elementor-section-boxed elementor-section-height-default elementor-section-items-middle\" data-id=\"30f1d1d\" data-element_type=\"section\" data-settings=\"{&quot;background_background&quot;:&quot;classic&quot;}\">\n\t\t\t\t\t\t<div class=\"elementor-container elementor-column-gap-default\">\n\t\t\t\t\t<div class=\"elementor-column elementor-col-100 elementor-top-column elementor-element elementor-element-c22a0ab\" data-id=\"c22a0ab\" data-element_type=\"column\">\n\t\t\t<div class=\"elementor-widget-wrap elementor-element-populated\">\n\t\t\t\t\t\t<div class=\"elementor-element elementor-element-a4efc7a elementor-invisible elementor-widget elementor-widget-heading\" data-id=\"a4efc7a\" data-element_type=\"widget\" data-settings=\"{&quot;_animation&quot;:&quot;zoomIn&quot;,&quot;_animation_tablet&quot;:&quot;zoomIn&quot;}\" data-widget_type=\"heading.default\">\n\t\t\t\t<div class=\"elementor-widget-container\">\n\t\t\t\t\t<h1 class=\"elementor-heading-title elementor-size-default\">T\u1ed5 ch\u1ee9c ti\u1ec7c ki\u1ec3u Mexico! <\/h1>\t\t\t\t<\/div>\n\t\t\t\t<\/div>\n\t\t\t\t<div class=\"elementor-element elementor-element-6a19c3b elementor-invisible elementor-widget elementor-widget-text-editor\" data-id=\"6a19c3b\" data-element_type=\"widget\" data-settings=\"{&quot;_animation&quot;:&quot;fadeInUp&quot;,&quot;_animation_tablet&quot;:&quot;fadeInUp&quot;}\" data-widget_type=\"text-editor.default\">\n\t\t\t\t<div class=\"elementor-widget-container\">\n\t\t\t\t\t\t\t\t\t<p>Rico Taco l\u00e0 s\u1ef1 l\u1ef1a ch\u1ecdn ho\u00e0n h\u1ea3o cho m\u1ed9t b\u1eefa ti\u1ec7c \u0111\u1eb7c bi\u1ec7t v\u00e0 \u0111\u1ed9c \u0111\u00e1o kh\u00f4ng \u0111\u00e2u c\u00f3. D\u00f9 \u0111\u00f3 l\u00e0 ti\u1ec7c sinh nh\u1eadt, ti\u1ec7c \u0103n h\u1ecfi, ngh\u1ec9 h\u01b0u, l\u1ec5 k\u1ef7 ni\u1ec7m, ti\u1ec7c giao th\u1eeba hay b\u1ea1n ch\u1ec9 mu\u1ed1n \u0103n m\u1eebng \"chi\u1ebfn t\u00edch\" n\u00e0o \u0111\u00f3 trong c\u00f4ng vi\u1ec7c, ch\u1ec9 c\u1ea7n trao \u0111\u1ed5i v\u1edbi ch\u00fang t\u00f4i, b\u1ea1n s\u1ebd c\u00f3 ngay m\u1ed9t b\u1eefa ti\u1ec7c \u201cm\u00ea ly\u201d v\u1edbi nh\u1eefng m\u00f3n \u0103n ngon, trang tr\u00ed \u0111\u1eb7c s\u1eafc v\u00e0 d\u1ecbch v\u1ee5 tuy\u1ec7t v\u1eddi.<\/p>\t\t\t\t\t\t\t\t<\/div>\n\t\t\t\t<\/div>\n\t\t\t\t\t<\/div>\n\t\t<\/div>\n\t\t\t\t\t<\/div>\n\t\t<\/section>\n\t\t\t\t<section class=\"elementor-section elementor-top-section elementor-element elementor-element-b8db8f4 elementor-section-height-min-height elementor-reverse-mobile elementor-section-boxed elementor-section-height-default elementor-section-items-middle\" data-id=\"b8db8f4\" data-element_type=\"section\" id=\"catering\" data-settings=\"{&quot;background_background&quot;:&quot;classic&quot;}\">\n\t\t\t\t\t\t<div class=\"elementor-container elementor-column-gap-no\">\n\t\t\t\t\t<div class=\"elementor-column elementor-col-50 elementor-top-column elementor-element elementor-element-6e34738\" data-id=\"6e34738\" data-element_type=\"column\">\n\t\t\t<div class=\"elementor-widget-wrap elementor-element-populated\">\n\t\t\t\t\t\t<div class=\"elementor-element elementor-element-d01a9ce elementor-hidden-desktop elementor-hidden-tablet elementor-widget elementor-widget-image\" data-id=\"d01a9ce\" data-element_type=\"widget\" data-widget_type=\"image.default\">\n\t\t\t\t<div class=\"elementor-widget-container\">\n\t\t\t\t\t\t\t\t\t\t\t\t\t\t\t<img fetchpriority=\"high\" decoding=\"async\" width=\"800\" height=\"800\" src=\"https:\/\/ricotacosaigon.com\/wp-content\/uploads\/2021\/05\/191128_RT_DA_2644-1024x1024.jpg\" class=\"attachment-large size-large wp-image-752\" alt=\"\" srcset=\"https:\/\/ricotacosaigon.com\/wp-content\/uploads\/2021\/05\/191128_RT_DA_2644.jpg 1024w, https:\/\/ricotacosaigon.com\/wp-content\/uploads\/2021\/05\/191128_RT_DA_2644-300x300.jpg 300w, https:\/\/ricotacosaigon.com\/wp-content\/uploads\/2021\/05\/191128_RT_DA_2644-150x150.jpg 150w, https:\/\/ricotacosaigon.com\/wp-content\/uploads\/2021\/05\/191128_RT_DA_2644-768x768.jpg 768w\" sizes=\"(max-width: 800px) 100vw, 800px\" \/>\t\t\t\t\t\t\t\t\t\t\t\t\t\t\t<\/div>\n\t\t\t\t<\/div>\n\t\t\t\t\t<\/div>\n\t\t<\/div>\n\t\t\t\t<div class=\"elementor-column elementor-col-50 elementor-top-column elementor-element elementor-element-255cdfe\" data-id=\"255cdfe\" data-element_type=\"column\">\n\t\t\t<div class=\"elementor-widget-wrap elementor-element-populated\">\n\t\t\t\t\t\t<div class=\"elementor-element elementor-element-e9eeef4 elementor-invisible elementor-widget elementor-widget-heading\" data-id=\"e9eeef4\" data-element_type=\"widget\" data-settings=\"{&quot;_animation&quot;:&quot;zoomIn&quot;}\" data-widget_type=\"heading.default\">\n\t\t\t\t<div class=\"elementor-widget-container\">\n\t\t\t\t\t<h2 class=\"elementor-heading-title elementor-size-default\">D\u1ecbch v\u1ee5 ti\u1ec7c t\u00f9ng<\/h2>\t\t\t\t<\/div>\n\t\t\t\t<\/div>\n\t\t\t\t<div class=\"elementor-element elementor-element-11f3d5b elementor-invisible elementor-widget elementor-widget-text-editor\" data-id=\"11f3d5b\" data-element_type=\"widget\" data-settings=\"{&quot;_animation&quot;:&quot;fadeInUp&quot;}\" data-widget_type=\"text-editor.default\">\n\t\t\t\t<div class=\"elementor-widget-container\">\n\t\t\t\t\t\t\t\t\t<p>H\u00e3y \u0111\u1ec3 Rico Taco mang \u0111\u1ebfn s\u1ef1 \u0111\u1ed9c \u0111\u00e1o v\u00e0 th\u01a1m ngon c\u1ee7a m\u00f3n \u0103n Mexico <span class=\"Y2IQFc\" lang=\"en\">\u0111\u1ebfn t\u1eadn tay b\u1ea1n<\/span>Ch\u00fang t\u00f4i cung c\u1ea5p nhi\u1ec1u th\u1ef1c \u0111\u01a1n v\u00e0 phong c\u00e1ch ph\u1ee5c v\u1ee5 kh\u00e1c nhau t\u1eeb giao \u0111\u1ed3 \u0103n s\u1eb5n \u0111\u1ebfn ph\u1ee5c v\u1ee5 tr\u1ecdn g\u00f3i \u0111\u1ec3 s\u1ef1 ki\u1ec7n c\u1ee7a b\u1ea1n tr\u1edf n\u00ean n\u1ed5i b\u1eadt. Ch\u00fang t\u00f4i c\u0169ng cung c\u1ea5p trang tr\u00ed v\u00e0 d\u1ee5ng c\u1ee5 theo y\u00eau c\u1ea7u. T\u1eeb nh\u1eefng nguy\u00ean li\u1ec7u t\u01b0\u01a1i ngon \u0111\u1ebfn s\u1ef1 chu\u1ea9n b\u1ecb k\u1ef9 l\u01b0\u1ee1ng v\u00e0 cung c\u00e1ch ph\u1ee5c v\u1ee5 t\u1eadn t\u00e2m, b\u1ea1n s\u1ebd \u0111\u01b0\u1ee3c tr\u1ea3i nghi\u1ec7m mang \u0111\u1eadm ch\u1ea5t Mexico.<\/p>\t\t\t\t\t\t\t\t<\/div>\n\t\t\t\t<\/div>\n\t\t\t\t<div class=\"elementor-element elementor-element-8179e4f elementor-mobile-align-center elementor-invisible elementor-widget elementor-widget-button\" data-id=\"8179e4f\" data-element_type=\"widget\" data-settings=\"{&quot;_animation&quot;:&quot;fadeIn&quot;}\" data-widget_type=\"button.default\">\n\t\t\t\t<div class=\"elementor-widget-container\">\n\t\t\t\t\t\t\t\t\t<div class=\"elementor-button-wrapper\">\n\t\t\t\t\t<a class=\"elementor-button elementor-button-link elementor-size-sm\" href=\"https:\/\/ricotacosaigon.com\/vi\/catering\/\">\n\t\t\t\t\t\t<span class=\"elementor-button-content-wrapper\">\n\t\t\t\t\t\t\t\t\t<span class=\"elementor-button-text\">Xem th\u00eam<\/span>\n\t\t\t\t\t<\/span>\n\t\t\t\t\t<\/a>\n\t\t\t\t<\/div>\n\t\t\t\t\t\t\t\t<\/div>\n\t\t\t\t<\/div>\n\t\t\t\t\t<\/div>\n\t\t<\/div>\n\t\t\t\t\t<\/div>\n\t\t<\/section>\n\t\t\t\t<section class=\"elementor-section elementor-top-section elementor-element elementor-element-505520a elementor-section-height-min-height elementor-section-boxed elementor-section-height-default elementor-section-items-middle\" data-id=\"505520a\" data-element_type=\"section\" id=\"private-event\" data-settings=\"{&quot;background_background&quot;:&quot;classic&quot;}\">\n\t\t\t\t\t\t<div class=\"elementor-container elementor-column-gap-no\">\n\t\t\t\t\t<div class=\"elementor-column elementor-col-50 elementor-top-column elementor-element elementor-element-70ba80f\" data-id=\"70ba80f\" data-element_type=\"column\">\n\t\t\t<div class=\"elementor-widget-wrap elementor-element-populated\">\n\t\t\t\t\t\t<div class=\"elementor-element elementor-element-aa09e0f elementor-invisible elementor-widget elementor-widget-heading\" data-id=\"aa09e0f\" data-element_type=\"widget\" data-settings=\"{&quot;_animation&quot;:&quot;zoomIn&quot;}\" data-widget_type=\"heading.default\">\n\t\t\t\t<div class=\"elementor-widget-container\">\n\t\t\t\t\t<h2 class=\"elementor-heading-title elementor-size-default\">Ti\u1ec7c ri\u00eang t\u01b0<\/h2>\t\t\t\t<\/div>\n\t\t\t\t<\/div>\n\t\t\t\t<div class=\"elementor-element elementor-element-a35fa8f elementor-invisible elementor-widget elementor-widget-text-editor\" data-id=\"a35fa8f\" data-element_type=\"widget\" data-settings=\"{&quot;_animation&quot;:&quot;fadeInUp&quot;}\" data-widget_type=\"text-editor.default\">\n\t\t\t\t<div class=\"elementor-widget-container\">\n\t\t\t\t\t\t\t\t\t<p>B\u1ea1n \u0111ang mu\u1ed1n t\u1ed5 ch\u1ee9c m\u1ed9t ti\u1ec7c c\u00e1 nh\u00e2n t\u1ea1i m\u1ed9t trong <a href=\"https:\/\/www.facebook.com\/rico.taco.saigon\/\">nh\u1eefng nh\u00e0 h\u00e0ng Mexico t\u1ed1t nh\u1ea5t \u1edf S\u00e0i G\u00f2n?<\/a> ?<br \/>Nh\u00f3m c\u1ee7a ch\u00fang t\u00f4i s\u1ebd l\u00e0m vi\u1ec7c ch\u1eb7t ch\u1ebd v\u1edbi b\u1ea1n \u0111\u1ec3 t\u1ea1o ra m\u1ed9t d\u1ecbch v\u1ee5, th\u1ef1c \u0111\u01a1n, r\u01b0\u1ee3u v\u00e0 cocktail ph\u00f9 h\u1ee3p cho s\u1ef1 ki\u1ec7n c\u1ee7a b\u1ea1n.<br \/>Ch\u00fang t\u00f4i c\u0169ng cung c\u1ea5p c\u00e1c d\u1ecbch v\u1ee5 s\u1eafp x\u1ebfp v\u00e0 trang tr\u00ed hoa, nh\u1eefng th\u1ef1c \u0111\u01a1n gi\u1ea3i quy\u1ebft c\u00e1c v\u1ea5n \u0111\u1ec1 h\u1ea1n ch\u1ebf v\u1ec1 ch\u1ebf \u0111\u1ed9 \u0103n u\u1ed1ng, v.v. \u0111\u1ec3 gi\u00fap b\u1ea1n t\u1ea1o n\u00ean m\u1ed9t s\u1ef1 ki\u1ec7n ri\u00eang t\u01b0 ho\u00e0n h\u1ea3o cho nh\u00f3m c\u1ee7a m\u00ecnh.<br \/><br \/>B\u00e2y gi\u1edd ch\u1ec9 c\u1ea7n li\u00ean h\u1ec7 v\u1edbi ch\u00fang t\u00f4i \u0111\u1ec3 th\u1ea3o lu\u1eadn v\u1ec1 nhu c\u1ea7u c\u1ee7a b\u1ea1n.<\/p>\t\t\t\t\t\t\t\t<\/div>\n\t\t\t\t<\/div>\n\t\t\t\t<div class=\"elementor-element elementor-element-44b498d elementor-mobile-align-center elementor-invisible elementor-widget elementor-widget-button\" data-id=\"44b498d\" data-element_type=\"widget\" data-settings=\"{&quot;_animation&quot;:&quot;fadeIn&quot;}\" data-widget_type=\"button.default\">\n\t\t\t\t<div class=\"elementor-widget-container\">\n\t\t\t\t\t\t\t\t\t<div class=\"elementor-button-wrapper\">\n\t\t\t\t\t<a class=\"elementor-button elementor-button-link elementor-size-sm\" href=\"#tab010\">\n\t\t\t\t\t\t<span class=\"elementor-button-content-wrapper\">\n\t\t\t\t\t\t\t\t\t<span class=\"elementor-button-text\">\u0110\u1eb7t ngay<\/span>\n\t\t\t\t\t<\/span>\n\t\t\t\t\t<\/a>\n\t\t\t\t<\/div>\n\t\t\t\t\t\t\t\t<\/div>\n\t\t\t\t<\/div>\n\t\t\t\t\t<\/div>\n\t\t<\/div>\n\t\t\t\t<div class=\"elementor-column elementor-col-50 elementor-top-column elementor-element elementor-element-afb5c8c\" data-id=\"afb5c8c\" data-element_type=\"column\">\n\t\t\t<div class=\"elementor-widget-wrap elementor-element-populated\">\n\t\t\t\t\t\t<div class=\"elementor-element elementor-element-dda89fa elementor-hidden-desktop elementor-hidden-tablet elementor-widget elementor-widget-image\" data-id=\"dda89fa\" data-element_type=\"widget\" data-widget_type=\"image.default\">\n\t\t\t\t<div class=\"elementor-widget-container\">\n\t\t\t\t\t\t\t\t\t\t\t\t\t\t\t<img decoding=\"async\" width=\"800\" height=\"800\" src=\"https:\/\/ricotacosaigon.com\/wp-content\/uploads\/2021\/05\/191128_RT_DA_2679-1024x1024.jpg\" class=\"attachment-large size-large wp-image-753\" alt=\"\" srcset=\"https:\/\/ricotacosaigon.com\/wp-content\/uploads\/2021\/05\/191128_RT_DA_2679.jpg 1024w, https:\/\/ricotacosaigon.com\/wp-content\/uploads\/2021\/05\/191128_RT_DA_2679-300x300.jpg 300w, https:\/\/ricotacosaigon.com\/wp-content\/uploads\/2021\/05\/191128_RT_DA_2679-150x150.jpg 150w, https:\/\/ricotacosaigon.com\/wp-content\/uploads\/2021\/05\/191128_RT_DA_2679-768x768.jpg 768w\" sizes=\"(max-width: 800px) 100vw, 800px\" \/>\t\t\t\t\t\t\t\t\t\t\t\t\t\t\t<\/div>\n\t\t\t\t<\/div>\n\t\t\t\t\t<\/div>\n\t\t<\/div>\n\t\t\t\t\t<\/div>\n\t\t<\/section>\n\t\t\t\t<section class=\"elementor-section elementor-top-section elementor-element elementor-element-fdeeaf5 elementor-section-height-min-height elementor-reverse-mobile elementor-section-boxed elementor-section-height-default elementor-section-items-middle\" data-id=\"fdeeaf5\" data-element_type=\"section\" id=\"TAB000\" data-settings=\"{&quot;background_background&quot;:&quot;classic&quot;}\">\n\t\t\t\t\t\t<div class=\"elementor-container elementor-column-gap-no\">\n\t\t\t\t\t<div class=\"elementor-column elementor-col-50 elementor-top-column elementor-element elementor-element-19d03e6\" data-id=\"19d03e6\" data-element_type=\"column\">\n\t\t\t<div class=\"elementor-widget-wrap elementor-element-populated\">\n\t\t\t\t\t\t<div class=\"elementor-element elementor-element-8d03dfe elementor-hidden-desktop elementor-hidden-tablet elementor-widget elementor-widget-image\" data-id=\"8d03dfe\" data-element_type=\"widget\" data-widget_type=\"image.default\">\n\t\t\t\t<div class=\"elementor-widget-container\">\n\t\t\t\t\t\t\t\t\t\t\t\t\t\t\t<img decoding=\"async\" width=\"800\" height=\"570\" src=\"https:\/\/ricotacosaigon.com\/wp-content\/uploads\/2025\/06\/CHOA0588-1024x729.jpg\" class=\"attachment-large size-large wp-image-3247\" alt=\"\" srcset=\"https:\/\/ricotacosaigon.com\/wp-content\/uploads\/2025\/06\/CHOA0588-1024x729.jpg 1024w, https:\/\/ricotacosaigon.com\/wp-content\/uploads\/2025\/06\/CHOA0588-300x214.jpg 300w, https:\/\/ricotacosaigon.com\/wp-content\/uploads\/2025\/06\/CHOA0588-768x547.jpg 768w, https:\/\/ricotacosaigon.com\/wp-content\/uploads\/2025\/06\/CHOA0588-1536x1094.jpg 1536w, https:\/\/ricotacosaigon.com\/wp-content\/uploads\/2025\/06\/CHOA0588-18x12.jpg 18w, https:\/\/ricotacosaigon.com\/wp-content\/uploads\/2025\/06\/CHOA0588.jpg 1920w\" sizes=\"(max-width: 800px) 100vw, 800px\" \/>\t\t\t\t\t\t\t\t\t\t\t\t\t\t\t<\/div>\n\t\t\t\t<\/div>\n\t\t\t\t\t<\/div>\n\t\t<\/div>\n\t\t\t\t<div class=\"elementor-column elementor-col-50 elementor-top-column elementor-element elementor-element-1e9df35\" data-id=\"1e9df35\" data-element_type=\"column\">\n\t\t\t<div class=\"elementor-widget-wrap elementor-element-populated\">\n\t\t\t\t\t\t<div class=\"elementor-element elementor-element-2b5eeb9 elementor-invisible elementor-widget elementor-widget-heading\" data-id=\"2b5eeb9\" data-element_type=\"widget\" data-settings=\"{&quot;_animation&quot;:&quot;zoomIn&quot;}\" data-widget_type=\"heading.default\">\n\t\t\t\t<div class=\"elementor-widget-container\">\n\t\t\t\t\t<h2 class=\"elementor-heading-title elementor-size-default\">\u0110\u1eb7t b\u00e0n nh\u00f3m<\/h2>\t\t\t\t<\/div>\n\t\t\t\t<\/div>\n\t\t\t\t<div class=\"elementor-element elementor-element-f61fdd8 elementor-invisible elementor-widget elementor-widget-text-editor\" data-id=\"f61fdd8\" data-element_type=\"widget\" data-settings=\"{&quot;_animation&quot;:&quot;fadeInUp&quot;}\" data-widget_type=\"text-editor.default\">\n\t\t\t\t<div class=\"elementor-widget-container\">\n\t\t\t\t\t\t\t\t\t<p>\u0110\u1ed1i v\u1edbi \u0111\u1eb7t b\u00e0n theo nh\u00f3m tr\u00ean 10 ng\u01b0\u1eddi, vui l\u00f2ng li\u00ean h\u1ec7 tr\u01b0\u1edbc v\u00e0i ng\u00e0y. Ch\u00fang t\u00f4i c\u00f3 th\u1ec3 gi\u00fap b\u1ea1n t\u00f9y ch\u1ec9nh menu ho\u1eb7c cung c\u1ea5p cho b\u1ea1n v\u1ec1 g\u00f3i ti\u1ec7c hi\u1ec7n c\u00f3 c\u1ee7a ch\u00fang t\u00f4i<\/p>\t\t\t\t\t\t\t\t<\/div>\n\t\t\t\t<\/div>\n\t\t\t\t<div class=\"elementor-element elementor-element-d8ae580 elementor-mobile-align-center elementor-invisible elementor-widget elementor-widget-button\" data-id=\"d8ae580\" data-element_type=\"widget\" data-settings=\"{&quot;_animation&quot;:&quot;fadeIn&quot;}\" data-widget_type=\"button.default\">\n\t\t\t\t<div class=\"elementor-widget-container\">\n\t\t\t\t\t\t\t\t\t<div class=\"elementor-button-wrapper\">\n\t\t\t\t\t<a class=\"elementor-button elementor-button-link elementor-size-sm\" href=\"\">\n\t\t\t\t\t\t<span class=\"elementor-button-content-wrapper\">\n\t\t\t\t\t\t\t\t\t<span class=\"elementor-button-text\">Li\u00ean h\u1ec7 ch\u00fang t\u00f4i<\/span>\n\t\t\t\t\t<\/span>\n\t\t\t\t\t<\/a>\n\t\t\t\t<\/div>\n\t\t\t\t\t\t\t\t<\/div>\n\t\t\t\t<\/div>\n\t\t\t\t\t<\/div>\n\t\t<\/div>\n\t\t\t\t\t<\/div>\n\t\t<\/section>\n\t\t\t\t<section class=\"elementor-section elementor-top-section elementor-element elementor-element-8b93003 elementor-section-boxed elementor-section-height-default elementor-section-height-default\" data-id=\"8b93003\" data-element_type=\"section\">\n\t\t\t\t\t\t<div class=\"elementor-container elementor-column-gap-default\">\n\t\t\t\t\t<div class=\"elementor-column elementor-col-100 elementor-top-column elementor-element elementor-element-03925ad\" data-id=\"03925ad\" data-element_type=\"column\">\n\t\t\t<div class=\"elementor-widget-wrap elementor-element-populated\">\n\t\t\t\t\t\t<div class=\"elementor-element elementor-element-b31ef47 elementor-widget elementor-widget-spacer\" data-id=\"b31ef47\" data-element_type=\"widget\" data-widget_type=\"spacer.default\">\n\t\t\t\t<div class=\"elementor-widget-container\">\n\t\t\t\t\t\t\t<div class=\"elementor-spacer\">\n\t\t\t<div class=\"elementor-spacer-inner\"><\/div>\n\t\t<\/div>\n\t\t\t\t\t\t<\/div>\n\t\t\t\t<\/div>\n\t\t\t\t\t<\/div>\n\t\t<\/div>\n\t\t\t\t\t<\/div>\n\t\t<\/section>\n\t\t\t\t<\/div>","protected":false},"excerpt":{"rendered":"<p>&#8220;Mexicanize&#8221; your event with us! Planning and organize events for a party is easy and special when your choice is Rico Taco. Whether it\u2019s a birthday party, brunch, retirement, anniversary, New Year\u2019s Eve party, or you just want to celebrate some accomplishment at work, just a simple share with us, we will bring to you [&hellip;]<\/p>","protected":false},"author":1,"featured_media":0,"parent":0,"menu_order":0,"comment_status":"closed","ping_status":"closed","template":"elementor_header_footer","meta":{"footnotes":""},"class_list":["post-33","page","type-page","status-publish","hentry"],"_links":{"self":[{"href":"https:\/\/ricotacosaigon.com\/vi\/wp-json\/wp\/v2\/pages\/33","targetHints":{"allow":["GET"]}}],"collection":[{"href":"https:\/\/ricotacosaigon.com\/vi\/wp-json\/wp\/v2\/pages"}],"about":[{"href":"https:\/\/ricotacosaigon.com\/vi\/wp-json\/wp\/v2\/types\/page"}],"author":[{"embeddable":true,"href":"https:\/\/ricotacosaigon.com\/vi\/wp-json\/wp\/v2\/users\/1"}],"replies":[{"embeddable":true,"href":"https:\/\/ricotacosaigon.com\/vi\/wp-json\/wp\/v2\/comments?post=33"}],"version-history":[{"count":186,"href":"https:\/\/ricotacosaigon.com\/vi\/wp-json\/wp\/v2\/pages\/33\/revisions"}],"predecessor-version":[{"id":3253,"href":"https:\/\/ricotacosaigon.com\/vi\/wp-json\/wp\/v2\/pages\/33\/revisions\/3253"}],"wp:attachment":[{"href":"https:\/\/ricotacosaigon.com\/vi\/wp-json\/wp\/v2\/media?parent=33"}],"curies":[{"name":"wp","href":"https:\/\/api.w.org\/{rel}","templated":true}]}}